{"id":2783,"date":"2024-06-19T10:03:14","date_gmt":"2024-06-19T10:03:14","guid":{"rendered":"https:\/\/quintadacasanova.pt\/places-of-interest\/"},"modified":"2024-06-19T14:14:53","modified_gmt":"2024-06-19T14:14:53","slug":"places-of-interest","status":"publish","type":"page","link":"https:\/\/quintadacasanova.pt\/en\/places-of-interest\/","title":{"rendered":"Places of interest"},"content":{"rendered":"\t\t<div data-elementor-type=\"wp-page\" data-elementor-id=\"2783\" class=\"elementor elementor-2783 elementor-2712\">\n\t\t\t\t<div class=\"elementor-element elementor-element-6e0733e e-con-full e-flex e-con e-parent\" data-id=\"6e0733e\" data-element_type=\"container\" data-settings=\"{&quot;background_background&quot;:&quot;slideshow&quot;,&quot;background_slideshow_gallery&quot;:[{&quot;id&quot;:2246,&quot;url&quot;:&quot;https:\\\/\\\/quintadacasanova.pt\\\/wp-content\\\/uploads\\\/2024\\\/06\\\/QuintaCasaNova_Slider-01.webp&quot;},{&quot;id&quot;:2299,&quot;url&quot;:&quot;https:\\\/\\\/quintadacasanova.pt\\\/wp-content\\\/uploads\\\/2024\\\/06\\\/QuintaCasaNova_Slider-02.webp&quot;},{&quot;id&quot;:2300,&quot;url&quot;:&quot;https:\\\/\\\/quintadacasanova.pt\\\/wp-content\\\/uploads\\\/2024\\\/06\\\/QuintaCasaNova_Slider-03.webp&quot;},{&quot;id&quot;:2301,&quot;url&quot;:&quot;https:\\\/\\\/quintadacasanova.pt\\\/wp-content\\\/uploads\\\/2024\\\/06\\\/QuintaCasaNova_Slider-04.webp&quot;},{&quot;id&quot;:2302,&quot;url&quot;:&quot;https:\\\/\\\/quintadacasanova.pt\\\/wp-content\\\/uploads\\\/2024\\\/06\\\/QuintaCasaNova_Slider-05.webp&quot;},{&quot;id&quot;:2303,&quot;url&quot;:&quot;https:\\\/\\\/quintadacasanova.pt\\\/wp-content\\\/uploads\\\/2024\\\/06\\\/QuintaCasaNova_Slider-06.webp&quot;},{&quot;id&quot;:2304,&quot;url&quot;:&quot;https:\\\/\\\/quintadacasanova.pt\\\/wp-content\\\/uploads\\\/2024\\\/06\\\/QuintaCasaNova_Slider-07.webp&quot;},{&quot;id&quot;:2305,&quot;url&quot;:&quot;https:\\\/\\\/quintadacasanova.pt\\\/wp-content\\\/uploads\\\/2024\\\/06\\\/QuintaCasaNova_Slider-08.webp&quot;},{&quot;id&quot;:2298,&quot;url&quot;:&quot;https:\\\/\\\/quintadacasanova.pt\\\/wp-content\\\/uploads\\\/2024\\\/06\\\/QuintaCasaNova_Slider-10.webp&quot;}],&quot;background_slideshow_transition_duration&quot;:1000,&quot;background_slideshow_loop&quot;:&quot;yes&quot;,&quot;background_slideshow_slide_duration&quot;:5000,&quot;background_slideshow_slide_transition&quot;:&quot;fade&quot;}\">\n\t\t\t\t<div class=\"elementor-element elementor-element-29c0c63 elementor-widget elementor-widget-heading\" data-id=\"29c0c63\" data-element_type=\"widget\" data-widget_type=\"heading.default\">\n\t\t\t\t<div class=\"elementor-widget-container\">\n\t\t\t<style>\/*! elementor - v3.21.0 - 26-05-2024 *\/\n.elementor-heading-title{padding:0;margin:0;line-height:1}.elementor-widget-heading .elementor-heading-title[class*=elementor-size-]>a{color:inherit;font-size:inherit;line-height:inherit}.elementor-widget-heading .elementor-heading-title.elementor-size-small{font-size:15px}.elementor-widget-heading .elementor-heading-title.elementor-size-medium{font-size:19px}.elementor-widget-heading .elementor-heading-title.elementor-size-large{font-size:29px}.elementor-widget-heading .elementor-heading-title.elementor-size-xl{font-size:39px}.elementor-widget-heading .elementor-heading-title.elementor-size-xxl{font-size:59px}<\/style><h1 class=\"elementor-heading-title elementor-size-default\">Places of interest<\/h1>\t\t<\/div>\n\t\t\t\t<\/div>\n\t\t\t\t<\/div>\n\t\t<div class=\"elementor-element elementor-element-5cf651f e-flex e-con-boxed e-con e-parent\" data-id=\"5cf651f\" data-element_type=\"container\">\n\t\t\t\t\t<div class=\"e-con-inner\">\n\t\t\t\t<div class=\"elementor-element elementor-element-6b281fe elementor-widget elementor-widget-qi_addons_for_elementor_blog_list\" data-id=\"6b281fe\" data-element_type=\"widget\" data-widget_type=\"qi_addons_for_elementor_blog_list.default\">\n\t\t\t\t<div class=\"elementor-widget-container\">\n\t\t\t<div class=\"qodef-shortcode qodef-m  qodef-addons-blog-list qodef-info-no-icons  qodef-image--hover-zoom   qodef-qi-grid qodef-layout--qi-columns  qodef-col-num--3  qodef-item-layout--boxed qodef-responsive--custom qodef-col-num--1680--3 qodef-col-num--1440--3 qodef-col-num--1366--3 qodef-col-num--1024--1 qodef-col-num--768--1 qodef-col-num--680--1 qodef-col-num--480--1\" >\n\t<div class=\"qodef-grid-inner\">\n\t\t<article class=\"qodef-e qodef-blog-item qodef-grid-item qodef-item--custom post-2819 post type-post status-publish format-standard has-post-thumbnail hentry category-sem-categoria\">\n\t<div class=\"qodef-e-inner\">\n\t\t<div class=\"qodef-e-media-holder\">\n\t\t\t<div class=\"qodef-e-media\">\n\t\t<div class=\"qodef-e-media-image\">\n\t\t<a itemprop=\"url\" href=\"https:\/\/quintadacasanova.pt\/en\/city-of-guimaraes\/\">\n\t\t\t<img fetchpriority=\"high\" decoding=\"async\" src=\"https:\/\/quintadacasanova.pt\/wp-content\/uploads\/2024\/06\/guimaraes-1050x600.jpg\" alt=\"\" width=\"1050\" height=\"600\" \/>\t\t<\/a>\n\t\t\t<\/div>\n<\/div>\n\t\t<\/div>\n\t\t<div class=\"qodef-e-content\">\n\t\t\t\t\t\t<div class=\"qodef-e-text\">\n\t\t\t\t<h3 itemprop=\"name\" class=\"qodef-e-title entry-title\">\n\t<a itemprop=\"url\" class=\"qodef-e-title-link\" href=\"https:\/\/quintadacasanova.pt\/en\/city-of-guimaraes\/\">\n\t\tCity of Guimar\u00e3es\t<\/a>\n<\/h3>\n\t\t<p itemprop=\"description\" class=\"qodef-e-excerpt\">\n\t\t\tLike Braga, Guimar\u00e3es is one of the main destinations for tourists arriving in the Minho region, in Portugal. The city is considered the cradle of Portuguese nationality: it was there that Afonso Hen\t\t<\/p>\n\t\t\t\t<\/div>\n\t\t\t\t\t\t\t<div class=\"qodef-e-info qodef-info--bottom\">\n\t\t\t\t\t\t<div class=\"qodef-e-read-more\">\n\t\t<a class=\"qodef-shortcode qodef-m  qodef-qi-button qodef-html--link qodef-layout--filled qodef-type--standard   qodef-icon--right qodef-hover--icon-move-horizontal-short     \" href=\"https:\/\/quintadacasanova.pt\/en\/city-of-guimaraes\/\" target=\"_self\">\t<span class=\"qodef-m-text\">See more<\/span>\t<\/a>\t<\/div>\n\t\t\t\t<\/div>\n\t\t\t\t\t<\/div>\n\t<\/div>\n<\/article>\n<article class=\"qodef-e qodef-blog-item qodef-grid-item qodef-item--custom post-2820 post type-post status-publish format-standard has-post-thumbnail hentry category-sem-categoria\">\n\t<div class=\"qodef-e-inner\">\n\t\t<div class=\"qodef-e-media-holder\">\n\t\t\t<div class=\"qodef-e-media\">\n\t\t<div class=\"qodef-e-media-image\">\n\t\t<a itemprop=\"url\" href=\"https:\/\/quintadacasanova.pt\/en\/citania-de-sanfins\/\">\n\t\t\t<img decoding=\"async\" src=\"https:\/\/quintadacasanova.pt\/wp-content\/uploads\/2024\/06\/citania_sanfins-1050x600.jpg\" alt=\"\" width=\"1050\" height=\"600\" \/>\t\t<\/a>\n\t\t\t<\/div>\n<\/div>\n\t\t<\/div>\n\t\t<div class=\"qodef-e-content\">\n\t\t\t\t\t\t<div class=\"qodef-e-text\">\n\t\t\t\t<h3 itemprop=\"name\" class=\"qodef-e-title entry-title\">\n\t<a itemprop=\"url\" class=\"qodef-e-title-link\" href=\"https:\/\/quintadacasanova.pt\/en\/citania-de-sanfins\/\">\n\t\tCit\u00e2nia de Sanfins\t<\/a>\n<\/h3>\n\t\t<p itemprop=\"description\" class=\"qodef-e-excerpt\">\n\t\t\tHistory Created around the 1st century BC, this city occupies an area of \u200b\u200baround 15 hectares, located on a hill surrounded by mountains with granite outcrops, in a strategic location between the\t\t<\/p>\n\t\t\t\t<\/div>\n\t\t\t\t\t\t\t<div class=\"qodef-e-info qodef-info--bottom\">\n\t\t\t\t\t\t<div class=\"qodef-e-read-more\">\n\t\t<a class=\"qodef-shortcode qodef-m  qodef-qi-button qodef-html--link qodef-layout--filled qodef-type--standard   qodef-icon--right qodef-hover--icon-move-horizontal-short     \" href=\"https:\/\/quintadacasanova.pt\/en\/citania-de-sanfins\/\" target=\"_self\">\t<span class=\"qodef-m-text\">See more<\/span>\t<\/a>\t<\/div>\n\t\t\t\t<\/div>\n\t\t\t\t\t<\/div>\n\t<\/div>\n<\/article>\n<article class=\"qodef-e qodef-blog-item qodef-grid-item qodef-item--custom post-2821 post type-post status-publish format-standard has-post-thumbnail hentry category-sem-categoria\">\n\t<div class=\"qodef-e-inner\">\n\t\t<div class=\"qodef-e-media-holder\">\n\t\t\t<div class=\"qodef-e-media\">\n\t\t<div class=\"qodef-e-media-image\">\n\t\t<a itemprop=\"url\" href=\"https:\/\/quintadacasanova.pt\/en\/singeverga-monastery\/\">\n\t\t\t<img decoding=\"async\" src=\"https:\/\/quintadacasanova.pt\/wp-content\/uploads\/2024\/06\/singeverga-monastero_chiostro-1050x600.jpg\" alt=\"\" width=\"1050\" height=\"600\" \/>\t\t<\/a>\n\t\t\t<\/div>\n<\/div>\n\t\t<\/div>\n\t\t<div class=\"qodef-e-content\">\n\t\t\t\t\t\t<div class=\"qodef-e-text\">\n\t\t\t\t<h3 itemprop=\"name\" class=\"qodef-e-title entry-title\">\n\t<a itemprop=\"url\" class=\"qodef-e-title-link\" href=\"https:\/\/quintadacasanova.pt\/en\/singeverga-monastery\/\">\n\t\tSingeverga Monastery\t<\/a>\n<\/h3>\n\t\t<p itemprop=\"description\" class=\"qodef-e-excerpt\">\n\t\t\tThe Singeverga monastery, belonging to the Benedictine friars, is a relatively recent and impressive construction, whose origins date back to 1892, having been restored in the mid-20th century. Inside\t\t<\/p>\n\t\t\t\t<\/div>\n\t\t\t\t\t\t\t<div class=\"qodef-e-info qodef-info--bottom\">\n\t\t\t\t\t\t<div class=\"qodef-e-read-more\">\n\t\t<a class=\"qodef-shortcode qodef-m  qodef-qi-button qodef-html--link qodef-layout--filled qodef-type--standard   qodef-icon--right qodef-hover--icon-move-horizontal-short     \" href=\"https:\/\/quintadacasanova.pt\/en\/singeverga-monastery\/\" target=\"_self\">\t<span class=\"qodef-m-text\">See more<\/span>\t<\/a>\t<\/div>\n\t\t\t\t<\/div>\n\t\t\t\t\t<\/div>\n\t<\/div>\n<\/article>\n\t<\/div>\n\t<\/div>\n\t\t<\/div>\n\t\t\t\t<\/div>\n\t\t\t\t\t<\/div>\n\t\t\t\t<\/div>\n\t\t\t\t<\/div>\n\t\t","protected":false},"excerpt":{"rendered":"<p>Places of interest Cidade de Guimar\u00e3es Assim como Braga, Guimar\u00e3es \u00e9 um dos principais destinos de turistas que chegam \u00e0 regi\u00e3o do Minho, em Portugal. A cidade \u00e9 considerada o ber\u00e7o da nacionalidade portuguesa: foi l\u00e1 que nasceu Afo See more Cit\u00e2nia de Sanfins Hist\u00f3ria Surgida por volta do s\u00e9culo I a.C., esta cidade ocupa [&hellip;]<\/p>\n","protected":false},"author":1,"featured_media":0,"parent":0,"menu_order":0,"comment_status":"closed","ping_status":"closed","template":"","meta":{"footnotes":""},"class_list":["post-2783","page","type-page","status-publish","hentry"],"_links":{"self":[{"href":"https:\/\/quintadacasanova.pt\/en\/wp-json\/wp\/v2\/pages\/2783","targetHints":{"allow":["GET"]}}],"collection":[{"href":"https:\/\/quintadacasanova.pt\/en\/wp-json\/wp\/v2\/pages"}],"about":[{"href":"https:\/\/quintadacasanova.pt\/en\/wp-json\/wp\/v2\/types\/page"}],"author":[{"embeddable":true,"href":"https:\/\/quintadacasanova.pt\/en\/wp-json\/wp\/v2\/users\/1"}],"replies":[{"embeddable":true,"href":"https:\/\/quintadacasanova.pt\/en\/wp-json\/wp\/v2\/comments?post=2783"}],"version-history":[{"count":1,"href":"https:\/\/quintadacasanova.pt\/en\/wp-json\/wp\/v2\/pages\/2783\/revisions"}],"predecessor-version":[{"id":2784,"href":"https:\/\/quintadacasanova.pt\/en\/wp-json\/wp\/v2\/pages\/2783\/revisions\/2784"}],"wp:attachment":[{"href":"https:\/\/quintadacasanova.pt\/en\/wp-json\/wp\/v2\/media?parent=2783"}],"curies":[{"name":"wp","href":"https:\/\/api.w.org\/{rel}","templated":true}]}}